{"id":420,"date":"2025-08-27T15:29:02","date_gmt":"2025-08-27T15:29:02","guid":{"rendered":"https:\/\/web03.hiades.es\/?page_id=420"},"modified":"2025-08-27T15:34:31","modified_gmt":"2025-08-27T15:34:31","slug":"condiciones-del-servicio","status":"publish","type":"page","link":"https:\/\/aldogamaquinaria.es\/index.php\/condiciones-del-servicio\/","title":{"rendered":"Condiciones del Servicio"},"content":{"rendered":"<h3><\/h3>\n<h3 class=\"p1\">Condiciones Generales del Contrato de Alquiler<\/h3>\n<h5 class=\"p1\">1.- OBJETO DEL CONTRATO<\/h5>\n<p class=\"p1\">1.1.-El presente contrato tiene por objeto fijar las condiciones generales para la contrataci\u00f3n de los servicios de alquiler de maquinaria prestados por ALDOGA,S.L. empresa dedicada al arrendamiento de maquinaria sin operario de su propiedad, cede el uso y disfrute de la maquinaria descrita en el albar\u00e1n al arrendatario, quien la recibe con entera conformidad, sirviendo como muestra de conformidad del arrendatario la firma del albar\u00e1n de entrega. La puesta a disposici\u00f3n de la maquinaria arrendada, transmite el deber de guardia y custodia al arrendatario o a la persona autorizada por \u00e9l, durante la vigencia del contrato, quien asume la total responsabilidad, en todos sus aspectos sobre la misma.<\/p>\n<p class=\"p1\">1.2.-La maquinaria objeto del contrato se relacionar\u00e1 en un documento que se unir\u00e1 al presente, denominado albar\u00e1n de entrega, el cu\u00e1l ser\u00e1 firmado por el arrendatario o persona autorizada por \u00e9l, haci\u00e9ndose constar en el mismo su nombre, apellidos y DNI.<\/p>\n<p>&nbsp;<\/p>\n<h5 class=\"p1\">2.- APLICACI\u00d3N DEL CONTRATO<\/h5>\n<p class=\"p1\">2.1.- Las relaciones entre las partes se rigen por lo establecido en el presente contrato y en el albar\u00e1n de entrega. Ninguna otra cl\u00e1usula, t\u00e9rmino o condici\u00f3n tendr\u00e1 validez salvo pacto escrito y firmado por las partes que se incorporar\u00e1, entonces, como anexo al contrato, formando con \u00e9l un \u00fanico documento.<\/p>\n<p class=\"p1\">2.2.- La firma del presente contrato supone la expresa aceptaci\u00f3n de todas sus cl\u00e1usulas y estipulaciones. El presente contrato se firmar\u00e1 por el arrendatario persona f\u00edsica o por el representante legal del arrendatario persona jur\u00eddica. Caso de firmarse por persona distinta de las anteriores, el firmante garantiza que est\u00e1 autorizado por el arrendatario para celebrar el contrato.<\/p>\n<p class=\"p1\">Y si por cualquier motivo el firmante careciese de la autorizaci\u00f3n referida responder\u00e1 directamente frente al arrendador de las obligaciones derivadas de la firma del presente contrato.<\/p>\n<p>&nbsp;<\/p>\n<h5 class=\"p1\">3.- CAR\u00c1CTER MERCANTIL DEL CONTRATO<\/h5>\n<p class=\"p1\">3.1.- El contrato de arrendamiento definido en la cl\u00e1usula primera se reputar\u00e1 siempre mercantil, al ser su objeto siempre un acto de comercio.<\/p>\n<p>&nbsp;<\/p>\n<h5 class=\"p1\">4.- DURACI\u00d3N DEL CONTRATO<\/h5>\n<p class=\"p1\">4.1.- El inicio del presente contrato de alquiler ser\u00e1 el d\u00eda y hora en que se efect\u00fae por el arrendador la entrega de la maquinaria objeto del contrato al arrendatario, y finalizar\u00e1 en la fecha que el arrendador notifique por escrito la devoluci\u00f3n de la m\u00e1quina, excepto en los casos de resoluci\u00f3n contractual.<\/p>\n<p class=\"p1\">4.2.- De mutuo acuerdo y por escrito, las partes podr\u00e1n prorrogar la duraci\u00f3n del contrato.<\/p>\n<p>&nbsp;<\/p>\n<h5 class=\"p1\">5.- PRECIO Y FORMA DE PAGO<\/h5>\n<p class=\"p1\">5.1.- El arrendatario est\u00e1 obligado al pago de los alquileres objeto del presente contrato, as\u00ed como de los gastos que se deriven del uso y disfrute de la maquinaria y que le sean inherentes (transportes, residuos, gas\u00f3leos, permisos, autorizaciones, sanciones, montaje y desmontaje, etc.). El pago se realizar\u00e1 de conformidad con lo establecido en el presente contrato.<\/p>\n<p class=\"p1\">5.3.- El precio del alquiler se fijar\u00e1 por d\u00edas laborables, sin incluir IGIC, con un m\u00e1ximo de ocho horas diarias (160 horas\/mes), con excepci\u00f3n de las m\u00e1quinas o equipos que, conforme a la lista de precios, hayan de facturarse por d\u00edas naturales. Las horas que sobrepasen de ese m\u00e1ximo diario se incrementar\u00e1n a la facturaci\u00f3n teniendo en cuenta las horas trabajadas y, en concreto, el resultado de dividir el precio de un d\u00eda de tarifa entre ocho horas, salvo pacto escrito y firmado por las partes que se incorporar\u00e1 al albar\u00e1n de entrega.<\/p>\n<p class=\"p1\">5.4.- En todo caso se considerar\u00e1n gastos suplidos a abonar por el arrendatario y no incluidos en el precio, independientes y derivados del alquiler objeto del presente contrato, los siguientes:<\/p>\n<p class=\"p1\">5.4.1.- El transporte de la maquinaria arrendada y su carga y descarga, siempre que \u00e9stos se realicen por el arrendador factur\u00e1ndose su importe seg\u00fan tarifa vigente fijada por el arrendador y que se encontrar\u00e1 en todo caso a disposici\u00f3n del arrendatario.<\/p>\n<p class=\"p1\">5.4.2.- La maquinaria arrendada cuenta con un Seguro de Responsabilidad Civil y aquellas que lo precisen, de un Seguro de Circulaci\u00f3n de Suscripci\u00f3n Obligatorio. Las condiciones generales y particulares de los seguros contratados por el arrendador han sido puestas a disposici\u00f3n del arrendatario en el momento de la suscripci\u00f3n del presente contrato.<\/p>\n<p class=\"p1\">5.4.3.- Desperfectos o da\u00f1os que se produzcan en las m\u00e1quinas objeto del contrato durante el periodo de su vigencia, siempre que \u00e9stos sean imputables al arrendatario por un mal uso, por un negligente mantenimiento o una negligente custodia de la maquinaria. Estos gastos se facturar\u00e1n a raz\u00f3n del importe de la reparaci\u00f3n de los da\u00f1os o desperfectos.<\/p>\n<p class=\"p1\">5.4.4.- Gastos de pinchazos, sustituci\u00f3n de neum\u00e1ticos, material fungible, etc.<\/p>\n<p class=\"p1\">5.4.5.- Impuestos, tasas legales y cualesquiera otros derivados de la utilizaci\u00f3n por el arrendatario del equipo.<\/p>\n<p class=\"p1\">5.4.6.- Cualquier autorizaci\u00f3n administrativa, proyecto o permiso que fuera necesario para la utilizaci\u00f3n de la maquinaria ser\u00e1 por cuenta del arrendatario.<\/p>\n<p class=\"p1\">5.4.7.- Las sanciones administrativas y penales que pudieran derivarse del modo de utilizaci\u00f3n de la maquinaria realizada por el arrendatario y por el incumplimiento o irregular cumplimiento de la normativa que fuere aplicable durante la vigencia del presente contrato ser\u00e1n por cuenta del arrendatario, quien en todo momento deber\u00e1 identificar al responsable de los hechos que motiven las citadas infracciones.<\/p>\n<p class=\"p1\">5.4.8.- Ser\u00e1 de cuenta del arrendatario cualquier otro gasto que se ocasione durante la vigencia del presente contrato que no se haya contemplado en la presente cl\u00e1usula y que no se corresponda con el precio del alquiler o los gastos necesarios para la normal conservaci\u00f3n de las m\u00e1quinas objeto del presente contrato.<\/p>\n<p class=\"p1\">5.4.10.- Ser\u00e1n por cuenta del arrendatario los gastos de combustible durante la vigencia del contrato, as\u00ed como los gastos de tratamiento de residuos de cada maquinaria si fueren legalmente establecidos.<\/p>\n<p class=\"p1\">5.4.11.- Respecto a los equipos que puedan ser considerados como f\u00e1bricas de electricidad por la normativa de Impuestos Especiales, ser\u00e1 el arrendatario el considerado a todos los efectos como fabricante y por este motivo, estar\u00e1 obligado a registrarse y cumplir con las obligaciones administrativas y tributarias asociadas a la producci\u00f3n de electricidad.<\/p>\n<p class=\"p1\">5.4.12.- En caso de devolver la maquinaria con residuos, se facturar\u00e1 un cargo m\u00ednimo adicional de 30\u20ac para cubrir gastos de limpieza, estando facultado el arrendador para reclamar el lucro cesante por la imposibilidad de utilizar la maquinaria siniestrada.<\/p>\n<p class=\"p1\">5.4.13.- En caso de devolver la maquinaria con combustible no adecuado a la misma, se facturar\u00e1 un cargo adicional para cubrir los gastos de limpieza de dep\u00f3sito de combustible y motor con un m\u00ednimo de 100 \u20ac, estando facultado el arrendador para reclamar el lucro cesante por la imposibilidad de utilizar la maquinaria siniestrada.<\/p>\n<p class=\"p1\">5.5.- El pago del alquiler ser\u00e1 al contado, salvo acuerdo documentado entre las partes en el propio contrato, que estipule una forma de pago diferente, pudiendo el arrendador, en todo caso, solicitar a la entrega de la maquinaria una garant\u00eda o fianza, que \u00fanicamente podr\u00e1 ser en met\u00e1lico. En cualquier caso, esta fianza no limita la responsabilidad del cliente en caso de robo, hurto, da\u00f1o o desaparici\u00f3n de la m\u00e1quina, siendo en esos casos el cliente responsable del valor de la m\u00e1quina.<\/p>\n<p class=\"p1\">La garant\u00eda o fianza no dispensa al arrendatario del \u00edntegro cumplimiento de las obligaciones derivadas de este contrato.<\/p>\n<p class=\"p1\">La garant\u00eda o fianza, ser\u00e1 devuelta una vez entregada la maquina, verificado su estado y cuando no existan obligaciones pendientes de cumplimiento por el arrendatario.<\/p>\n<p class=\"p1\">La facturaci\u00f3n derivada del presente contrato se realizar\u00e1 con car\u00e1cter general, y como m\u00ednimo, una vez al mes, salvo acuerdo documentado entre las partes en el propio contrato que estipule una forma de facturaci\u00f3n diferente.<\/p>\n<p class=\"p1\">A la finalizaci\u00f3n del contrato, una vez devuelta y entregada al arrendador la maquinaria, se realizar\u00e1 la \u00faltima facturaci\u00f3n, en la que se podr\u00e1n incluir los da\u00f1os o gastos que no se hayan facturados previamente.<\/p>\n<p>&nbsp;<\/p>\n<h5 class=\"p1\">6.- ENTREGA DE LA MAQUINARIA Y LUGAR DE UTILIZACI\u00d3N<\/h5>\n<p class=\"p1\">6.1.- La maquinaria objeto del presente contrato es entregada por el arrendador al arrendatario en perfecto estado de funcionamiento, con todos sus accesorios y elementos de seguridad y el dep\u00f3sito de combustible completo.<\/p>\n<p class=\"p1\">6.2.- El arrendador, de conformidad con lo previsto en el Real Decreto 1215\/1997, sobre equipos de trabajo, en relaci\u00f3n con la Ley de Prevenci\u00f3n de riesgos laborales, ha dado traslado y suministrado al arrendatario toda la informaci\u00f3n necesaria sobre el uso, funcionamiento y seguridad de las m\u00e1quinas objeto del presente contrato, entregando al arrendatario las fichas y\/o manual de uso, funcionamiento y seguridad de las m\u00e1quinas objeto del presente contrato.<\/p>\n<p class=\"p1\">6.3.- El arrendatario est\u00e1 obligado a poner en conocimiento del arrendador la obra o zona geogr\u00e1fica donde la maquinaria va a ser utilizada, circunstancia que se consignar\u00e1 por escrito en el albar\u00e1n de entrega. El arrendatario utilizar\u00e1 el material alquilado, exclusivamente, en la obra se\u00f1alada o dentro de la zona geogr\u00e1fica delimitada. Cuantos gastos (de transporte, recogida, desplazamientos, etc.) se generasen para el arrendador por el incumplimiento por parte del arrendatario de la citada obligaci\u00f3n ser\u00e1n por cuenta del arrendatario.<\/p>\n<p class=\"p1\">El arrendatario se compromete a conocer las caracter\u00edsticas del lugar y entorno donde la maquinaria objeto del presente contrato vaya a ser utilizada, adoptando as\u00ed al respecto cuantas medidas fueren necesarias, de conformidad con la legislaci\u00f3n vigente, en materia de Riesgos Laborales y Medio Ambiente, verificando, en todo caso, diariamente el estado t\u00e9cnico y mantenimiento de la maquinaria objeto del contrato.<\/p>\n<p>&nbsp;<\/p>\n<h5 class=\"p1\">7.- UTILIZACI\u00d3N DE LA MAQUINARIA ARRENDADA<\/h5>\n<p class=\"p1\">7.1.- En el caso de que la maquinaria arrendada se averiase o resultare inutilizable por causa no imputable al arrendatario, el arrendador est\u00e1 obligado a adoptar cuantas medidas fueren necesarias para reparar o sustituir la maquinaria averiada en el menor plazo posible desde que tal circunstancia le hubiere sido comunicada por el arrendatario.<\/p>\n<p class=\"p1\">7.2.- El arrendatario ser\u00e1 responsable de los da\u00f1os y aver\u00edas ocasionados por la mala utilizaci\u00f3n y el uso negligente y\/o contrario a las prescripciones del fabricante para la espec\u00edfica maquinaria y a sus normales pautas de uso, funcionamiento y seguridad contempladas en la legislaci\u00f3n vigente y recomendadas y suministradas por el arrendador, as\u00ed como a los que se ocasionasen por una deficiente formaci\u00f3n o falta de capacidad del operador.<\/p>\n<p class=\"p1\">En este sentido, el arrendatario ser\u00e1 responsable, en virtud de lo dispuesto en el art\u00edculo 19 y concordantes de la Ley de Prevenci\u00f3n de Riesgos Laborales, de garantizar la formaci\u00f3n y capacitaci\u00f3n del operador a quien se le asigne la utilizaci\u00f3n o manejo de la maquinaria objeto de presente contrato.<\/p>\n<p class=\"p1\">Asimismo, el arrendatario trasladar\u00e1 a los operarios encargados de la utilizaci\u00f3n de la maquinaria objeto del presente contrato toda la informaci\u00f3n suministrada por el arrendador respecto a la maquinaria, y, en concreto, la informaci\u00f3n sobre su uso, funcionamiento y seguridad, de conformidad con lo establecido en la Ley de Prevenci\u00f3n de Riesgos Laborales en relaci\u00f3n con el Real Decreto 1215\/1997.<\/p>\n<p class=\"p1\">7.3.- Queda totalmente prohibido el uso de combustibles no autorizados legalmente, seg\u00fan tipo de m\u00e1quinas, y en especial los no aptos para la combusti\u00f3n de motores di\u00e9sel y gasolina. Los da\u00f1os, aver\u00edas y sanciones que se deriven por el uso inadecuado de los mismos, ser\u00e1n por cuenta del arrendatario.<\/p>\n<p>&nbsp;<\/p>\n<h5 class=\"p1\">8.- MANTENIMIENTO Y DEVOLUCI\u00d3N<\/h5>\n<p class=\"p1\">8.1.- El arrendatario ser\u00e1 responsable del mantenimiento preventivo y conservaci\u00f3n de la maquinaria arrendada, debiendo devolverla en el estado en el que la recibi\u00f3 sin m\u00e1s detrimentos ni menoscabos que los derivados del normal uso de la misma. Si la maquinaria arrendada se almacena o guarda en un inmueble alquilado por el arrendatario, \u00e9ste debe comunicar al propietario-arrendador del inmueble que la maquinaria no es de su propiedad, no pudiendo, por tanto, tomarla como garant\u00eda. Tal comunicaci\u00f3n se efectuar\u00e1 por carta certificada con acuse de recibo.<\/p>\n<p class=\"p1\">8.2.- El mantenimiento preventivo comprender\u00e1, entre otras, las tareas de limpieza, engrase, lubricaci\u00f3n, comprobaci\u00f3n de niveles de aceite e hidr\u00e1ulicos, utilizaci\u00f3n de combustible, y cualquier otro producto de consumo.<\/p>\n<p class=\"p1\">8.3.-El arrendador podr\u00e1, en todo momento, examinar, revisar y recoger la maquinaria arrendada para comprobar el correcto mantenimiento y utilizaci\u00f3n de la misma, debiendo el arrendatario permitir el acceso del arrendador al lugar donde se encuentre la maquinaria.<\/p>\n<p class=\"p1\">8.5.- Asimismo, el arrendatario se compromete a confiar el uso de la maquinaria a personal cualificado que disponga de cuantas autorizaciones y permisos se requieran para su instalaci\u00f3n, manipulaci\u00f3n o conducci\u00f3n, as\u00ed como a emplear la maquinaria con la diligencia debida.<\/p>\n<p class=\"p1\">8.6.- El arrendatario, una vez finalizado el periodo de alquiler, deber\u00e1 devolver el material en perfecto estado de funcionamiento y limpio. En caso contrario, los gastos de reparaci\u00f3n y limpieza que deba realizar el arrendador ser\u00e1n por cuenta del arrendatario.<\/p>\n<p>&nbsp;<\/p>\n<h5 class=\"p1\">9.- R\u00c9GIMEN DE RESPONSABILIDADES<\/h5>\n<p class=\"p1\">9.1.- El arrendatario, y dado que la maquinaria objeto de alquiler ser\u00e1 manejada directamente por su personal, se obliga a asegurar la responsabilidad civil que para el mismo o para terceros se pudiere derivar de la utilizaci\u00f3n de dicha maquinaria, as\u00ed como a cumplir cuanta normativa legal viniere impuesta en orden a dicha utilizaci\u00f3n.<\/p>\n<p class=\"p1\">9.2.- El arrendador no responder\u00e1 en ning\u00fan caso de la p\u00e9rdida de beneficios o de ingresos que se le ocasionare al arrendatario o a cualquier tercero con motivo de la ejecuci\u00f3n del presente Contrato, ni de cualquier p\u00e9rdida de oportunidad de negocio, da\u00f1o emergente, lucro cesante, da\u00f1o indirecto o cualesquiera consecuencias que se derivasen para aqu\u00e9llos de la imposibilidad de utilizar moment\u00e1neamente la maquinaria arrendada, sin perjuicio de las obligaciones que a cargo del arrendador han quedado se\u00f1aladas en su cl\u00e1usula 7.1.<\/p>\n<p class=\"p1\">9.3.- El arrendatario, en caso de robo, hurto o desaparici\u00f3n del objeto del presente contrato responder\u00e1 del coste de la reposici\u00f3n del objeto arrendado, hasta un importe m\u00e1ximo equivalente al valor del mismo m\u00e1s los impuestos correspondientes. En todo caso, en el plazo de las 24 horas siguientes a que el mismo se hubiere apercibido de tales circunstancias, el arrendatario tiene obligaci\u00f3n a poner urgentemente y por escrito, en conocimiento del arrendador el hecho y circunstancias del hurto o robo, as\u00ed como la denuncia al efecto presentada para la tramitaci\u00f3n legal oportuna.<\/p>\n<p class=\"p1\">El arrendatario seguir\u00e1 siendo responsable del alquiler hasta el d\u00eda que el arrendador reciba la denuncia, con independencia de cuando se haya producido el robo o cuando se haya efectuado la denuncia.<\/p>\n<p class=\"p1\">9.4.- El arrendatario, en caso de siniestro, aver\u00eda o funcionamiento incorrecto de la maquinaria objeto del presente contrato, lo comunicar\u00e1 por escrito al arrendador, en las 24 horas siguientes a su ocurrencia y as\u00ed como cuantas circunstancias le constaren acerca del mismo; debiendo igualmente facilitar, a requerimiento del arrendador, el n\u00famero de p\u00f3liza del seguro de obra que tenga concertado.<\/p>\n<p class=\"p1\">9.5.- El arrendatario es responsable de que la utilizaci\u00f3n o manipulaci\u00f3n de la maquinaria objeto del presente contrato quede reservada a las personas encargadas capacitadas y formadas, tanto respecto a la utilizaci\u00f3n como al mantenimiento de las mismas, y ello durante todo el periodo de alquiler recogido en el presente contrato. Asimismo, el arrendatario no podr\u00e1 ocultar, alterar, suplir o realizar cualquier actividad que suponga una transformaci\u00f3n de los signos identificativos o marcas del arrendador que existieren sobre la maquinaria.<\/p>\n<p class=\"p1\">9.6.- El arrendatario en ning\u00fan caso estar\u00e1 autorizado a vender, subarrendar, ceder, prestar, hipotecar, embargar o gravar de cualquier otra forma la maquinaria objeto del presente contrato.<\/p>\n<p>&nbsp;<\/p>\n<h4 class=\"p1\">10.- RESOLUCION<\/h4>\n<p class=\"p1\">10.1.- El presente Contrato se resolver\u00e1 por el incumplimiento de cualquiera de las obligaciones pactadas en el mismo.<\/p>\n<p class=\"p1\">10.2.- El arrendador puede resolver el contrato en cualquier momento de vigencia del mismo en caso de que:<\/p>\n<p class=\"p1\">10.2.1.- El arrendatario fuere una sociedad y entrase en situaci\u00f3n concursal o liquidaci\u00f3n voluntaria o cesase en las actividades que constituyen su objeto y para las que la maquinaria hubiere sido arrendada.<\/p>\n<p class=\"p1\">10.2.2.- El arrendatario hiciere un uso negligente de la maquinaria o le produjere aver\u00edas o roturas de forma peri\u00f3dica.<\/p>\n<p class=\"p1\">10.2.3.- El arrendatario diere a la maquinaria un uso distinto al pactado, la trasladara de lugar sin permiso del arrendador o no la utilizara en los lugares pactados.<\/p>\n<p class=\"p1\">10.2.4.- El impago de un solo vencimiento supone el incumplimiento del contrato y faculta al arrendador a resolverlo. El arrendatario deber\u00e1 devolver inmediatamente la maquinaria arrendada siendo a su cargo todos los gastos que se devenguen de restituir la misma al arrendador.<\/p>\n<p class=\"p1\">10.3.- El Contrato se resolver\u00e1, asimismo, por acuerdo entre el arrendador y el arrendatario.<\/p>\n<p class=\"p1\">10.4.- En cualquier caso, resuelto el contrato, el arrendatario perder\u00e1 autom\u00e1ticamente la posesi\u00f3n de la maquinaria objeto del presente contrato, viniendo obligado a entreg\u00e1rsela al arrendador y siendo asimismo responsable de cuantos perjuicios a \u00e9ste se le devengaren por la falta de devoluci\u00f3n de la maquinaria, pudiendo el arrendador ejercitar cuantas acciones, incluso en el orden penal, le asistieren contra el arrendatario para recuperar la posesi\u00f3n de la maquinaria. El arrendador tendr\u00e1 derecho a retirar la maquinaria de all\u00ed donde se hallare. El arrendatario est\u00e1 obligado al pago del precio del arrendamiento vencido y no pago, m\u00e1s los intereses moratorios correspondientes.<\/p>\n<p>&nbsp;<\/p>\n<h5 class=\"p1\">11.- MODIFICACI\u00d3N<\/h5>\n<p class=\"p1\">11.1.- Cualquier modificaci\u00f3n, alteraci\u00f3n o novaci\u00f3n de las cl\u00e1usulas y del contenido del presente contrato necesitar\u00e1 la autorizaci\u00f3n expresa y por escrito de los contratantes.<\/p>\n<p>&nbsp;<\/p>\n<h5 class=\"p1\">12.- INTERPRETACI\u00d3N DEL CONTRATO<\/h5>\n<p class=\"p1\">12.1.- Este contrato se interpretar\u00e1 conforme a la literalidad de sus t\u00e9rminos, de acuerdo con la legislaci\u00f3n aplicable y con car\u00e1cter principal conforme a las normas del C\u00f3digo Civil y C\u00f3digo de Comercio, as\u00ed como cuantas otras afecten a los contratantes con car\u00e1cter supletorio.<\/p>\n<p>&nbsp;<\/p>\n<h5 class=\"p1\">13.- JURISDICCI\u00d3N<\/h5>\n<p class=\"p1\">13.1.- Las partes dirimir\u00e1n cualquier reclamaci\u00f3n derivada del presente contrato ante los juzgados y tribunales de Santa Cruz de Tenerife, con renuncia expresa al fuero que pudiere corresponderles.<\/p>\n<p>&nbsp;<\/p>\n<p>&nbsp;<\/p>\n","protected":false},"excerpt":{"rendered":"<p>Condiciones Generales del Contrato de Alquiler 1.- OBJETO DEL CONTRATO 1.1.-El presente contrato tiene por objeto fijar las condiciones generales para la contrataci\u00f3n de los servicios<span class=\"excerpt-hellip\"> [\u2026]<\/span><\/p>\n","protected":false},"author":1,"featured_media":-1,"parent":0,"menu_order":0,"comment_status":"closed","ping_status":"closed","template":"","meta":{"_joinchat":[],"footnotes":""},"class_list":["post-420","page","type-page","status-publish","has-post-thumbnail","hentry"],"_links":{"self":[{"href":"https:\/\/aldogamaquinaria.es\/index.php\/wp-json\/wp\/v2\/pages\/420","targetHints":{"allow":["GET"]}}],"collection":[{"href":"https:\/\/aldogamaquinaria.es\/index.php\/wp-json\/wp\/v2\/pages"}],"about":[{"href":"https:\/\/aldogamaquinaria.es\/index.php\/wp-json\/wp\/v2\/types\/page"}],"author":[{"embeddable":true,"href":"https:\/\/aldogamaquinaria.es\/index.php\/wp-json\/wp\/v2\/users\/1"}],"replies":[{"embeddable":true,"href":"https:\/\/aldogamaquinaria.es\/index.php\/wp-json\/wp\/v2\/comments?post=420"}],"version-history":[{"count":5,"href":"https:\/\/aldogamaquinaria.es\/index.php\/wp-json\/wp\/v2\/pages\/420\/revisions"}],"predecessor-version":[{"id":425,"href":"https:\/\/aldogamaquinaria.es\/index.php\/wp-json\/wp\/v2\/pages\/420\/revisions\/425"}],"wp:featuredmedia":[{"embeddable":true,"href":"https:\/\/aldogamaquinaria.es\/index.php\/wp-json\/"}],"wp:attachment":[{"href":"https:\/\/aldogamaquinaria.es\/index.php\/wp-json\/wp\/v2\/media?parent=420"}],"curies":[{"name":"wp","href":"https:\/\/api.w.org\/{rel}","templated":true}]}}