{"id":437,"date":"2025-08-29T08:48:01","date_gmt":"2025-08-29T08:48:01","guid":{"rendered":"https:\/\/web03.hiades.es\/?page_id=437"},"modified":"2025-08-29T10:41:20","modified_gmt":"2025-08-29T10:41:20","slug":"politica-de-privacidad","status":"publish","type":"page","link":"https:\/\/aldogamaquinaria.es\/index.php\/politica-de-privacidad\/","title":{"rendered":"Pol\u00edtica de Privacidad"},"content":{"rendered":"<p><strong>\u00daltima actualizaci\u00f3n:<\/strong> 28 de agosto de 2025<br \/>\n<strong>Fecha de entrada en vigor:<\/strong> 28 de agosto de 2025<\/p>\n<p>Esta Pol\u00edtica de Privacidad describe las pol\u00edticas de Aldoga Maquinaria, Calle J. Guttemberg, 4, El Rosario, Santa Cruz de Tenerife 38109, Espa\u00f1a, correo electr\u00f3nico: administracion@aldogamaquinaria.es, tel\u00e9fono: 922 63 33 68 sobre la recopilaci\u00f3n, el uso y la divulgaci\u00f3n de la informaci\u00f3n que recopilamos al utilizar nuestro sitio web (https:\/\/aldogamaquinaria.es\/) (el \u00abServicio\u00bb). Al acceder o utilizar el Servicio, usted consiente la recopilaci\u00f3n, el uso y la divulgaci\u00f3n de su informaci\u00f3n de acuerdo con esta Pol\u00edtica de Privacidad. Si no consiente, le rogamos que no acceda ni utilice el Servicio.<\/p>\n<p>Podemos modificar esta Pol\u00edtica de Privacidad en cualquier momento sin previo aviso y publicaremos la Pol\u00edtica de Privacidad revisada en el Servicio. La Pol\u00edtica revisada entrar\u00e1 en vigor 180 d\u00edas despu\u00e9s de su publicaci\u00f3n en el Servicio. Su acceso o uso continuado del Servicio despu\u00e9s de dicho plazo constituir\u00e1 su aceptaci\u00f3n de la Pol\u00edtica de Privacidad revisada. Por lo tanto, le recomendamos que revise esta p\u00e1gina peri\u00f3dicamente.<\/p>\n<h3><\/h3>\n<h3>Informaci\u00f3n que recopilamos:<\/h3>\n<p>Recopilaremos y procesaremos la siguiente informaci\u00f3n personal sobre usted:<\/p>\n<ul>\n<li>Nombre<\/li>\n<li>Correo electr\u00f3nico<\/li>\n<li>Tel\u00e9fono m\u00f3vil<\/li>\n<\/ul>\n<h3><\/h3>\n<h3>C\u00f3mo usamos su informaci\u00f3n:<\/h3>\n<p>Utilizaremos la informaci\u00f3n que recopilamos sobre usted para los siguientes fines:<\/p>\n<ul>\n<li>Marketing\/Promoci\u00f3n<\/li>\n<li>Recopilaci\u00f3n de comentarios de clientes<\/li>\n<li>Procesamiento de pagos<\/li>\n<li>Soporte<\/li>\n<li>Informaci\u00f3n administrativa<\/li>\n<li>Gesti\u00f3n de pedidos de clientes<\/li>\n<li>Protecci\u00f3n del sitio<\/li>\n<li>Comentarios entre usuarios<\/li>\n<li>Resoluci\u00f3n de disputas<\/li>\n<\/ul>\n<p>&nbsp;<\/p>\n<p>Si se deseara utilizar su informaci\u00f3n para cualquier otro fin, le solicitaremos su consentimiento y la utilizaremos \u00fanicamente tras obtenerlo y, en ese caso, solo para los fines para los que nos ha otorgado dicho consentimiento, a menos que la ley nos obligue a hacerlo de otra manera.<\/p>\n<h3><\/h3>\n<h3>C\u00f3mo compartimos su informaci\u00f3n:<\/h3>\n<p>No transferiremos su informaci\u00f3n personal a terceros sin su consentimiento, excepto en las circunstancias limitadas que se describen a continuaci\u00f3n:<\/p>\n<p>&nbsp;<\/p>\n<h3>Recopilaci\u00f3n y procesamiento de datos<\/h3>\n<p>Exigimos a dichos terceros que utilicen la informaci\u00f3n personal que les transferimos \u00fanicamente para el prop\u00f3sito para el que fue transferida y que no la conserven por m\u00e1s tiempo del necesario para cumplir dicho prop\u00f3sito.<br \/>\nTambi\u00e9n podemos divulgar su informaci\u00f3n personal para los siguientes fines: (1) para cumplir con la legislaci\u00f3n, normativa, orden judicial u otros procesos legales aplicables; (2) para hacer cumplir sus acuerdos con nosotros, incluida esta Pol\u00edtica de Privacidad; o (3) para responder a reclamaciones de que su uso del Servicio infringe los derechos de terceros. Si el Servicio o nuestra empresa se fusiona o se adquiere con otra empresa, su informaci\u00f3n ser\u00e1 uno de los activos que se transferir\u00e1n al nuevo propietario.<\/p>\n<p>&nbsp;<\/p>\n<h3>Conservaci\u00f3n de su informaci\u00f3n:<\/h3>\n<p>Conservaremos su informaci\u00f3n personal durante 90 d\u00edas a 2 a\u00f1os despu\u00e9s de que las cuentas de usuario permanezcan inactivas, o durante el tiempo que la necesitemos para cumplir con los fines para los que se recopil\u00f3, tal como se detalla en esta Pol\u00edtica de Privacidad. Es posible que necesitemos conservar cierta informaci\u00f3n durante per\u00edodos m\u00e1s largos, como el mantenimiento de registros o la elaboraci\u00f3n de informes de conformidad con la legislaci\u00f3n aplicable, o por otras razones leg\u00edtimas, como el cumplimiento de derechos legales, la prevenci\u00f3n del fraude, etc. La informaci\u00f3n an\u00f3nima residual y la informaci\u00f3n agregada, que no le identifiquen (directa o indirectamente), podr\u00e1n conservarse indefinidamente.<\/p>\n<p>&nbsp;<\/p>\n<h3>Sus derechos:<\/h3>\n<p>Dependiendo de la legislaci\u00f3n aplicable, usted puede tener derecho a acceder, rectificar o eliminar sus datos personales, o a recibir una copia de los mismos, restringir u oponerse al tratamiento activo de sus datos, solicitarnos que compartamos (portemos) su informaci\u00f3n personal con otra entidad, retirar cualquier consentimiento que nos haya proporcionado para el tratamiento de sus datos, el derecho a presentar una reclamaci\u00f3n ante una autoridad legal y otros derechos que puedan ser pertinentes seg\u00fan la legislaci\u00f3n aplicable. Para ejercer estos derechos, puede escribirnos a administracion@aldogamaquinaria.es. Responderemos a su solicitud de conformidad con la legislaci\u00f3n aplicable.<br \/>\nTenga en cuenta que si no nos permite recopilar o procesar la informaci\u00f3n personal requerida o retira su consentimiento para procesarla con los fines requeridos, es posible que no pueda acceder ni utilizar los servicios para los que se solicit\u00f3 su informaci\u00f3n.<\/p>\n<p>&nbsp;<\/p>\n<h3>Cookies, etc.<\/h3>\n<p>Para obtener m\u00e1s informaci\u00f3n sobre c\u00f3mo las utilizamos y sus opciones en relaci\u00f3n con estas tecnolog\u00edas de seguimiento, consulte nuestra Pol\u00edtica de Cookies.<\/p>\n<p>&nbsp;<\/p>\n<h3>Seguridad:<\/h3>\n<p>La seguridad de su informaci\u00f3n es importante para nosotros y aplicaremos medidas de seguridad razonables para evitar la p\u00e9rdida, el uso indebido o la alteraci\u00f3n no autorizada de la informaci\u00f3n que controlamos. Sin embargo, dados los riesgos inherentes, no podemos garantizar una seguridad absoluta y, en consecuencia, no podemos asegurar ni garantizar la seguridad de la informaci\u00f3n que nos transmita, y usted lo hace bajo su propia responsabilidad.<\/p>\n<p>&nbsp;<\/p>\n<h3>Reclamaciones \/ Responsable de Protecci\u00f3n de Datos:<\/h3>\n<p>Si tiene alguna pregunta o inquietud sobre el tratamiento de su informaci\u00f3n que tenemos a su disposici\u00f3n, puede enviar un correo electr\u00f3nico a nuestro Responsable de Reclamaciones a Aldoga Maquinaria, Calle J. Guttemberg, 4, 38109 El Rosario, Santa Cruz de Tenerife, correo electr\u00f3nico: administracion@aldogamaquinaria.es. Atenderemos sus inquietudes de acuerdo con la legislaci\u00f3n aplicable.<\/p>\n<p>&nbsp;<\/p>\n","protected":false},"excerpt":{"rendered":"<p>\u00daltima actualizaci\u00f3n: 28 de agosto de 2025 Fecha de entrada en vigor: 28 de agosto de 2025 Esta Pol\u00edtica de Privacidad describe las pol\u00edticas de Aldoga<span class=\"excerpt-hellip\"> [\u2026]<\/span><\/p>\n","protected":false},"author":1,"featured_media":-1,"parent":0,"menu_order":0,"comment_status":"closed","ping_status":"closed","template":"","meta":{"_joinchat":[],"footnotes":""},"class_list":["post-437","page","type-page","status-publish","has-post-thumbnail","hentry"],"_links":{"self":[{"href":"https:\/\/aldogamaquinaria.es\/index.php\/wp-json\/wp\/v2\/pages\/437","targetHints":{"allow":["GET"]}}],"collection":[{"href":"https:\/\/aldogamaquinaria.es\/index.php\/wp-json\/wp\/v2\/pages"}],"about":[{"href":"https:\/\/aldogamaquinaria.es\/index.php\/wp-json\/wp\/v2\/types\/page"}],"author":[{"embeddable":true,"href":"https:\/\/aldogamaquinaria.es\/index.php\/wp-json\/wp\/v2\/users\/1"}],"replies":[{"embeddable":true,"href":"https:\/\/aldogamaquinaria.es\/index.php\/wp-json\/wp\/v2\/comments?post=437"}],"version-history":[{"count":1,"href":"https:\/\/aldogamaquinaria.es\/index.php\/wp-json\/wp\/v2\/pages\/437\/revisions"}],"predecessor-version":[{"id":438,"href":"https:\/\/aldogamaquinaria.es\/index.php\/wp-json\/wp\/v2\/pages\/437\/revisions\/438"}],"wp:featuredmedia":[{"embeddable":true,"href":"https:\/\/aldogamaquinaria.es\/index.php\/wp-json\/"}],"wp:attachment":[{"href":"https:\/\/aldogamaquinaria.es\/index.php\/wp-json\/wp\/v2\/media?parent=437"}],"curies":[{"name":"wp","href":"https:\/\/api.w.org\/{rel}","templated":true}]}}