{"id":127,"date":"2024-04-01T08:50:23","date_gmt":"2024-04-01T08:50:23","guid":{"rendered":"https:\/\/web03.hiades.es\/?post_type=product&#038;p=127"},"modified":"2025-11-17T17:58:58","modified_gmt":"2025-11-17T17:58:58","slug":"motobomba-de-gasolina-de-35-hp-50-mm","status":"publish","type":"product","link":"https:\/\/aldogamaquinaria.es\/index.php\/producto\/motobomba-de-gasolina-de-35-hp-50-mm\/","title":{"rendered":"Motobomba de gasolina de 3,5 HP &#8211; 50 MM"},"content":{"rendered":"","protected":false},"excerpt":{"rendered":"<h2 class=\"page-subheading\">Detalles que marcan la diferencia<\/h2>\n<p>Dentro de los modelos de aguas sucias, la motobomba Honda WT 20 X es especialmente potente, compacta y robusta, para aquellas aplicaciones que requieren un uso intensivo o profesional. La motobomba Honda WT 20 X ha sido dise\u00f1ada para mover grandes cantidades de agua con residuos s\u00f3lidos. Es imprescindible para industriales y contratistas de obras, en todos aquellos trabajos de achique en la construcci\u00f3n, as\u00ed como para los equipos de emergencias en inundaciones.<\/p>\n<p>La turbina y el cuerpo de turbina est\u00e1n construidos en hierro fundido de montaje r\u00edgido extra reforzado, as\u00ed como un cuerpo de motobomba de gran grosor, aumentando la vida \u00fatil de la bomba. Estas motobombas estas construidas para resistir las condiciones m\u00e1s duras permitiendo incluso part\u00edculas en suspensi\u00f3n de hasta 31mm de di\u00e1metro, tales como gravilla, palos, etc., sin da\u00f1ar ning\u00fan componente.<\/p>\n<p>Dispone de sello mec\u00e1nico duradero de carburo de silicio, resistente a la abrasi\u00f3n y para un uso prolongado. Incorpora un chasis tubular de protecci\u00f3n ante los trabajos m\u00e1s duros, a su vez que facilita su transporte. Los silentblocks especiales a 45 grados minimizan la vibraci\u00f3n y evitan que la motobomba se desplace o se hunda en terrenos blandos. As\u00ed mismo, reduce el desgaste de los componentes, aumentando la durabilidad de la m\u00e1quina.<\/p>\n<h2 class=\"page-subheading\">F\u00e1cil funcionamiento y mantenimiento<\/h2>\n<p>Como el resto de la gama de motobombas Honda, el modelo WT 20 X es autoaspirante, por lo que no precisa de v\u00e1lvula de pie. Solo es necesario llenar el cuerpo de la bomba, apretar correctamente la manguera y la motobomba eliminar\u00e1 autom\u00e1ticamente el aire de la manguera. La motobomba Honda WT 20 X incluye una multi herramienta que permite quitar e instalar f\u00e1cilmente el cuerpo de la bomba, ajustar y quitar el tap\u00f3n de cebado y drenaje, as\u00ed como apretar o quitar el acople de la manguera.<\/p>\n<p><strong>Todas las motobombas Honda incluyen racores y filtros de aspiraci\u00f3n. Racor especial de acoplamiento r\u00e1pido opcional, dise\u00f1ado para adaptar de forma r\u00e1pida y segura la manguera m\u00e1s adecuada.<\/strong><\/p>\n","protected":false},"featured_media":397,"template":"","meta":{"_joinchat":[]},"product_brand":[59,60],"product_cat":[38,61],"product_tag":[],"class_list":{"0":"post-127","1":"product","2":"type-product","3":"status-publish","4":"has-post-thumbnail","6":"product_brand-honda","7":"product_brand-honda-wb20-o-similar","8":"product_cat-bombeo_aguas","9":"product_cat-motobomba","11":"first","12":"instock","13":"shipping-taxable","14":"purchasable","15":"product-type-simple"},"_links":{"self":[{"href":"https:\/\/aldogamaquinaria.es\/index.php\/wp-json\/wp\/v2\/product\/127","targetHints":{"allow":["GET"]}}],"collection":[{"href":"https:\/\/aldogamaquinaria.es\/index.php\/wp-json\/wp\/v2\/product"}],"about":[{"href":"https:\/\/aldogamaquinaria.es\/index.php\/wp-json\/wp\/v2\/types\/product"}],"wp:featuredmedia":[{"embeddable":true,"href":"https:\/\/aldogamaquinaria.es\/index.php\/wp-json\/wp\/v2\/media\/397"}],"wp:attachment":[{"href":"https:\/\/aldogamaquinaria.es\/index.php\/wp-json\/wp\/v2\/media?parent=127"}],"wp:term":[{"taxonomy":"product_brand","embeddable":true,"href":"https:\/\/aldogamaquinaria.es\/index.php\/wp-json\/wp\/v2\/product_brand?post=127"},{"taxonomy":"product_cat","embeddable":true,"href":"https:\/\/aldogamaquinaria.es\/index.php\/wp-json\/wp\/v2\/product_cat?post=127"},{"taxonomy":"product_tag","embeddable":true,"href":"https:\/\/aldogamaquinaria.es\/index.php\/wp-json\/wp\/v2\/product_tag?post=127"}],"curies":[{"name":"wp","href":"https:\/\/api.w.org\/{rel}","templated":true}]}}