{"id":130,"date":"2025-04-01T09:38:52","date_gmt":"2025-04-01T09:38:52","guid":{"rendered":"https:\/\/web03.hiades.es\/?post_type=product&#038;p=130"},"modified":"2025-11-19T13:03:51","modified_gmt":"2025-11-19T13:03:51","slug":"bomba-sumergible-bicanal","status":"publish","type":"product","link":"https:\/\/aldogamaquinaria.es\/index.php\/producto\/bomba-sumergible-bicanal\/","title":{"rendered":"Bomba sumergible bicanal"},"content":{"rendered":"","protected":false},"excerpt":{"rendered":"<p>Las bombas sumergibles MC, construidas en hierro fundido con es- pesor de material consistente, se caracterizan por una gran robustez, alta resistencia a la abrasi\u00f3n y duraci\u00f3n en el tiempo. Equipadas con rodete tipo BICANAL. Son adecuadas para el drenaje de aguas con cuerpos s\u00f3lidos en suspensi\u00f3n con fibra corta.<\/p>\n<p><strong>Tipo:<\/strong> Aguas negras<br \/>\n<strong>Aplicaciones<\/strong>: Residencial, civil, industrial<br \/>\n<strong>Usos:<\/strong> manipulaci\u00f3n de aguas residuales, transferencia de agua, desag\u00fce, drenaje<br \/>\n<strong>Tipolog\u00eda:<\/strong> sumergibles<br \/>\n<strong>Familia:<\/strong> elevaci\u00f3n aguas cargadas<\/p>\n","protected":false},"featured_media":394,"template":"","meta":{"_joinchat":[]},"product_brand":[58,57],"product_cat":[38,56],"product_tag":[],"class_list":{"0":"post-130","1":"product","2":"type-product","3":"status-publish","4":"has-post-thumbnail","6":"product_brand-mcm-20-50-o-similar","7":"product_brand-pedrollo","8":"product_cat-bombeo_aguas","9":"product_cat-bicanal","11":"first","12":"instock","13":"shipping-taxable","14":"product-type-simple"},"_links":{"self":[{"href":"https:\/\/aldogamaquinaria.es\/index.php\/wp-json\/wp\/v2\/product\/130","targetHints":{"allow":["GET"]}}],"collection":[{"href":"https:\/\/aldogamaquinaria.es\/index.php\/wp-json\/wp\/v2\/product"}],"about":[{"href":"https:\/\/aldogamaquinaria.es\/index.php\/wp-json\/wp\/v2\/types\/product"}],"wp:featuredmedia":[{"embeddable":true,"href":"https:\/\/aldogamaquinaria.es\/index.php\/wp-json\/wp\/v2\/media\/394"}],"wp:attachment":[{"href":"https:\/\/aldogamaquinaria.es\/index.php\/wp-json\/wp\/v2\/media?parent=130"}],"wp:term":[{"taxonomy":"product_brand","embeddable":true,"href":"https:\/\/aldogamaquinaria.es\/index.php\/wp-json\/wp\/v2\/product_brand?post=130"},{"taxonomy":"product_cat","embeddable":true,"href":"https:\/\/aldogamaquinaria.es\/index.php\/wp-json\/wp\/v2\/product_cat?post=130"},{"taxonomy":"product_tag","embeddable":true,"href":"https:\/\/aldogamaquinaria.es\/index.php\/wp-json\/wp\/v2\/product_tag?post=130"}],"curies":[{"name":"wp","href":"https:\/\/api.w.org\/{rel}","templated":true}]}}